{"id":22,"date":"2021-12-07T20:06:49","date_gmt":"2021-12-07T19:06:49","guid":{"rendered":"http:\/\/mbkbrunner.ch\/?page_id=22"},"modified":"2022-09-12T11:53:27","modified_gmt":"2022-09-12T09:53:27","slug":"ueber-uns","status":"publish","type":"page","link":"https:\/\/mbkbrunner.ch\/?page_id=22","title":{"rendered":"\u00dcber mich"},"content":{"rendered":"\n<p>Meine Selbst\u00e4ndigkeit war mir wichtig, Familie und Job unter einen Hut zu bringen nicht einfach, aber auf diese Art und Weise m\u00f6glich. Eingerichtet in meinem Homeoffice kann ich wirken und schnell und unkompliziert helfen. <\/p>\n\n\n\n<h2 class=\"wp-block-heading\">Impressum<\/h2>\n\n\n\n<p><strong><em>Kontakt-Adresse<\/em><\/strong><\/p>\n\n\n\n<p>mbk Buchhaltung<br>Monika Brunner<br>Plattenweg 16A<br>3700 Spiez<br>Schweiz<\/p>\n\n\n\n<p>E-Mail:<br>info@mbkbrunner.ch<\/p>\n\n\n\n<p><strong><em>Vertretungsberechtigte Person(en)<\/em><\/strong>Monika Brunner, Gesch\u00e4ftsf\u00fchrerin<\/p>\n\n\n\n<p><strong><em>Haftungsausschluss<\/em><\/strong>Der Autor \u00fcbernimmt keinerlei Gew\u00e4hr hinsichtlich der inhaltlichen Richtigkeit, Genauigkeit, Aktualit\u00e4t, Zuverl\u00e4ssigkeit und Vollst\u00e4ndigkeit der Informationen.<\/p>\n\n\n\n<p>Haftungsanspr\u00fcche gegen den Autor wegen Sch\u00e4den materieller oder immaterieller Art, welche aus dem Zugriff oder der Nutzung bzw. Nichtnutzung der ver\u00f6ffentlichten Informationen, durch Missbrauch der Verbindung oder durch technische St\u00f6rungen entstanden sind, werden ausgeschlossen.<\/p>\n\n\n\n<p>Alle Angebote sind unverbindlich. Der Autor beh\u00e4lt es sich ausdr\u00fccklich vor, Teile der Seiten oder das gesamte Angebot ohne besondere Ank\u00fcndigung zu ver\u00e4ndern, zu erg\u00e4nzen, zu l\u00f6schen oder die Ver\u00f6ffentlichung zeitweise oder endg\u00fcltig einzustellen.<\/p>\n\n\n\n<p><strong><em>Haftungsausschluss f\u00fcr Links<\/em><\/strong><\/p>\n\n\n\n<p>Verweise und Links auf Webseiten Dritter liegen ausserhalb unseres Verantwortungsbereichs. Es wird jegliche Verantwortung f\u00fcr solche Webseiten abgelehnt. Der Zugriff und die Nutzung solcher Webseiten erfolgen auf eigene Gefahr des jeweiligen Nutzers.<\/p>\n\n\n\n<p><strong><em>Urheberrechte<\/em><\/strong><\/p>\n\n\n\n<p>Die Urheber- und alle anderen Rechte an Inhalten, Bildern, Fotos oder anderen Dateien auf dieser Website, geh\u00f6ren ausschliesslich&nbsp;<strong>Monika Brunner<\/strong>&nbsp;oder den speziell genannten Rechteinhabern. F\u00fcr die Reproduktion jeglicher Elemente ist die schriftliche Zustimmung des Urheberrechtstr\u00e4gers im Voraus einzuholen.<br>Quelle:&nbsp;<a href=\"https:\/\/www.swissanwalt.ch\/\" target=\"_blank\" rel=\"noreferrer noopener\">SwissAnwalt<\/a><\/p>\n","protected":false},"excerpt":{"rendered":"<p>Meine Selbst\u00e4ndigkeit war mir wichtig, Familie und Job unter einen Hut zu bringen nicht einfach, aber auf diese Art und Weise m\u00f6glich. Eingerichtet in meinem Homeoffice kann ich wirken und schnell und unkompliziert helfen. Impressum Kontakt-Adresse mbk BuchhaltungMonika BrunnerPlattenweg 16A3700 SpiezSchweiz E-Mail:info@mbkbrunner.ch Vertretungsberechtigte Person(en)Monika Brunner, Gesch\u00e4ftsf\u00fchrerin HaftungsausschlussDer Autor \u00fcbernimmt keinerlei Gew\u00e4hr hinsichtlich der inhaltlichen Richtigkeit, &hellip; <\/p>\n<p class=\"link-more\"><a href=\"https:\/\/mbkbrunner.ch\/?page_id=22\" class=\"more-link\"><span class=\"screen-reader-text\">&#171;\u00dcber mich&#187;<\/span> weiterlesen<\/a><\/p>\n","protected":false},"author":1,"featured_media":0,"parent":0,"menu_order":0,"comment_status":"closed","ping_status":"closed","template":"","meta":{"om_disable_all_campaigns":false,"footnotes":""},"class_list":["post-22","page","type-page","status-publish","hentry"],"yoast_head":"<!-- This site is optimized with the Yoast SEO plugin v27.4 - https:\/\/yoast.com\/product\/yoast-seo-wordpress\/ -->\n<title>\u00dcber mich - mbk Buchhaltung Brunner<\/title>\n<meta name=\"robots\" content=\"index, follow, max-snippet:-1, max-image-preview:large, max-video-preview:-1\" \/>\n<link rel=\"canonical\" href=\"https:\/\/mbkbrunner.ch\/?page_id=22\" \/>\n<meta property=\"og:locale\" content=\"de_DE\" \/>\n<meta property=\"og:type\" content=\"article\" \/>\n<meta property=\"og:title\" content=\"\u00dcber mich - mbk Buchhaltung Brunner\" \/>\n<meta property=\"og:description\" content=\"Meine Selbst\u00e4ndigkeit war mir wichtig, Familie und Job unter einen Hut zu bringen nicht einfach, aber auf diese Art und Weise m\u00f6glich. Eingerichtet in meinem Homeoffice kann ich wirken und schnell und unkompliziert helfen. Impressum Kontakt-Adresse mbk BuchhaltungMonika BrunnerPlattenweg 16A3700 SpiezSchweiz E-Mail:info@mbkbrunner.ch Vertretungsberechtigte Person(en)Monika Brunner, Gesch\u00e4ftsf\u00fchrerin HaftungsausschlussDer Autor \u00fcbernimmt keinerlei Gew\u00e4hr hinsichtlich der inhaltlichen Richtigkeit, &hellip; &quot;\u00dcber mich&quot; weiterlesen\" \/>\n<meta property=\"og:url\" content=\"https:\/\/mbkbrunner.ch\/?page_id=22\" \/>\n<meta property=\"og:site_name\" content=\"mbk Buchhaltung Brunner\" \/>\n<meta property=\"article:modified_time\" content=\"2022-09-12T09:53:27+00:00\" \/>\n<meta name=\"twitter:card\" content=\"summary_large_image\" \/>\n<meta name=\"twitter:label1\" content=\"Gesch\u00e4tzte Lesezeit\" \/>\n\t<meta name=\"twitter:data1\" content=\"2\u00a0Minuten\" \/>\n<script type=\"application\/ld+json\" class=\"yoast-schema-graph\">{\"@context\":\"https:\\\/\\\/schema.org\",\"@graph\":[{\"@type\":\"WebPage\",\"@id\":\"https:\\\/\\\/mbkbrunner.ch\\\/?page_id=22\",\"url\":\"https:\\\/\\\/mbkbrunner.ch\\\/?page_id=22\",\"name\":\"\u00dcber mich - mbk Buchhaltung Brunner\",\"isPartOf\":{\"@id\":\"https:\\\/\\\/mbkbrunner.ch\\\/#website\"},\"datePublished\":\"2021-12-07T19:06:49+00:00\",\"dateModified\":\"2022-09-12T09:53:27+00:00\",\"breadcrumb\":{\"@id\":\"https:\\\/\\\/mbkbrunner.ch\\\/?page_id=22#breadcrumb\"},\"inLanguage\":\"de-CH\",\"potentialAction\":[{\"@type\":\"ReadAction\",\"target\":[\"https:\\\/\\\/mbkbrunner.ch\\\/?page_id=22\"]}]},{\"@type\":\"BreadcrumbList\",\"@id\":\"https:\\\/\\\/mbkbrunner.ch\\\/?page_id=22#breadcrumb\",\"itemListElement\":[{\"@type\":\"ListItem\",\"position\":1,\"name\":\"Startseite\",\"item\":\"https:\\\/\\\/mbkbrunner.ch\\\/\"},{\"@type\":\"ListItem\",\"position\":2,\"name\":\"\u00dcber mich\"}]},{\"@type\":\"WebSite\",\"@id\":\"https:\\\/\\\/mbkbrunner.ch\\\/#website\",\"url\":\"https:\\\/\\\/mbkbrunner.ch\\\/\",\"name\":\"mbk Buchhaltung Brunner\",\"description\":\"Business Management and Finance\",\"potentialAction\":[{\"@type\":\"SearchAction\",\"target\":{\"@type\":\"EntryPoint\",\"urlTemplate\":\"https:\\\/\\\/mbkbrunner.ch\\\/?s={search_term_string}\"},\"query-input\":{\"@type\":\"PropertyValueSpecification\",\"valueRequired\":true,\"valueName\":\"search_term_string\"}}],\"inLanguage\":\"de-CH\"}]}<\/script>\n<!-- \/ Yoast SEO plugin. -->","yoast_head_json":{"title":"\u00dcber mich - mbk Buchhaltung Brunner","robots":{"index":"index","follow":"follow","max-snippet":"max-snippet:-1","max-image-preview":"max-image-preview:large","max-video-preview":"max-video-preview:-1"},"canonical":"https:\/\/mbkbrunner.ch\/?page_id=22","og_locale":"de_DE","og_type":"article","og_title":"\u00dcber mich - mbk Buchhaltung Brunner","og_description":"Meine Selbst\u00e4ndigkeit war mir wichtig, Familie und Job unter einen Hut zu bringen nicht einfach, aber auf diese Art und Weise m\u00f6glich. Eingerichtet in meinem Homeoffice kann ich wirken und schnell und unkompliziert helfen. Impressum Kontakt-Adresse mbk BuchhaltungMonika BrunnerPlattenweg 16A3700 SpiezSchweiz E-Mail:info@mbkbrunner.ch Vertretungsberechtigte Person(en)Monika Brunner, Gesch\u00e4ftsf\u00fchrerin HaftungsausschlussDer Autor \u00fcbernimmt keinerlei Gew\u00e4hr hinsichtlich der inhaltlichen Richtigkeit, &hellip; \"\u00dcber mich\" weiterlesen","og_url":"https:\/\/mbkbrunner.ch\/?page_id=22","og_site_name":"mbk Buchhaltung Brunner","article_modified_time":"2022-09-12T09:53:27+00:00","twitter_card":"summary_large_image","twitter_misc":{"Gesch\u00e4tzte Lesezeit":"2\u00a0Minuten"},"schema":{"@context":"https:\/\/schema.org","@graph":[{"@type":"WebPage","@id":"https:\/\/mbkbrunner.ch\/?page_id=22","url":"https:\/\/mbkbrunner.ch\/?page_id=22","name":"\u00dcber mich - mbk Buchhaltung Brunner","isPartOf":{"@id":"https:\/\/mbkbrunner.ch\/#website"},"datePublished":"2021-12-07T19:06:49+00:00","dateModified":"2022-09-12T09:53:27+00:00","breadcrumb":{"@id":"https:\/\/mbkbrunner.ch\/?page_id=22#breadcrumb"},"inLanguage":"de-CH","potentialAction":[{"@type":"ReadAction","target":["https:\/\/mbkbrunner.ch\/?page_id=22"]}]},{"@type":"BreadcrumbList","@id":"https:\/\/mbkbrunner.ch\/?page_id=22#breadcrumb","itemListElement":[{"@type":"ListItem","position":1,"name":"Startseite","item":"https:\/\/mbkbrunner.ch\/"},{"@type":"ListItem","position":2,"name":"\u00dcber mich"}]},{"@type":"WebSite","@id":"https:\/\/mbkbrunner.ch\/#website","url":"https:\/\/mbkbrunner.ch\/","name":"mbk Buchhaltung Brunner","description":"Business Management and Finance","potentialAction":[{"@type":"SearchAction","target":{"@type":"EntryPoint","urlTemplate":"https:\/\/mbkbrunner.ch\/?s={search_term_string}"},"query-input":{"@type":"PropertyValueSpecification","valueRequired":true,"valueName":"search_term_string"}}],"inLanguage":"de-CH"}]}},"_links":{"self":[{"href":"https:\/\/mbkbrunner.ch\/index.php?rest_route=\/wp\/v2\/pages\/22","targetHints":{"allow":["GET"]}}],"collection":[{"href":"https:\/\/mbkbrunner.ch\/index.php?rest_route=\/wp\/v2\/pages"}],"about":[{"href":"https:\/\/mbkbrunner.ch\/index.php?rest_route=\/wp\/v2\/types\/page"}],"author":[{"embeddable":true,"href":"https:\/\/mbkbrunner.ch\/index.php?rest_route=\/wp\/v2\/users\/1"}],"replies":[{"embeddable":true,"href":"https:\/\/mbkbrunner.ch\/index.php?rest_route=%2Fwp%2Fv2%2Fcomments&post=22"}],"version-history":[{"count":3,"href":"https:\/\/mbkbrunner.ch\/index.php?rest_route=\/wp\/v2\/pages\/22\/revisions"}],"predecessor-version":[{"id":108,"href":"https:\/\/mbkbrunner.ch\/index.php?rest_route=\/wp\/v2\/pages\/22\/revisions\/108"}],"wp:attachment":[{"href":"https:\/\/mbkbrunner.ch\/index.php?rest_route=%2Fwp%2Fv2%2Fmedia&parent=22"}],"curies":[{"name":"wp","href":"https:\/\/api.w.org\/{rel}","templated":true}]}}